{"id":116,"date":"2020-08-16T16:30:59","date_gmt":"2020-08-16T14:30:59","guid":{"rendered":"https:\/\/florence-bonnet.fr\/?page_id=116"},"modified":"2020-11-19T16:38:25","modified_gmt":"2020-11-19T15:38:25","slug":"la-derniere-page","status":"publish","type":"page","link":"https:\/\/editions-de-la-fleur.fr\/index.php\/la-derniere-page\/","title":{"rendered":"La derni\u00e8re page"},"content":{"rendered":"<p>[et_pb_section fb_built=\u00a0\u00bb1&Prime; _builder_version=\u00a0\u00bb4.6.6&Prime; _module_preset=\u00a0\u00bbdefault\u00a0\u00bb background_color=\u00a0\u00bb#000000&Prime; min_height=\u00a0\u00bb713px\u00a0\u00bb custom_padding=\u00a0\u00bb||10px|||\u00a0\u00bb][et_pb_row column_structure=\u00a0\u00bb1_3,1_3,1_3&Prime; _builder_version=\u00a0\u00bb4.6.6&Prime; _module_preset=\u00a0\u00bbdefault\u00a0\u00bb][et_pb_column type=\u00a0\u00bb1_3&Prime; _builder_version=\u00a0\u00bb4.6.6&Prime; _module_preset=\u00a0\u00bbdefault\u00a0\u00bb][\/et_pb_column][et_pb_column type=\u00a0\u00bb1_3&Prime; _builder_version=\u00a0\u00bb4.6.6&Prime; _module_preset=\u00a0\u00bbdefault\u00a0\u00bb][\/et_pb_column][et_pb_column type=\u00a0\u00bb1_3&Prime; _builder_version=\u00a0\u00bb4.6.6&Prime; _module_preset=\u00a0\u00bbdefault\u00a0\u00bb][et_pb_image src=\u00a0\u00bbhttps:\/\/editions-de-la-fleur.fr\/wp-content\/uploads\/2020\/11\/LOGO-fleurBlanche-new-site.png\u00a0\u00bb title_text=\u00a0\u00bbLOGO-fleurBlanche-new-site\u00a0\u00bb url=\u00a0\u00bbhttps:\/\/editions-de-la-fleur.fr\/\u00a0\u00bb align=\u00a0\u00bbcenter\u00a0\u00bb _builder_version=\u00a0\u00bb4.7.0&Prime; _module_preset=\u00a0\u00bbdefault\u00a0\u00bb width=\u00a0\u00bb64.1%\u00a0\u00bb module_alignment=\u00a0\u00bbleft\u00a0\u00bb custom_margin=\u00a0\u00bb||-9px|0px|false|false\u00a0\u00bb custom_padding=\u00a0\u00bb|32px|||false|false\u00a0\u00bb filter_brightness__hover_enabled=\u00a0\u00bbon|desktop\u00a0\u00bb filter_brightness__hover=\u00a0\u00bb42%\u00a0\u00bb][\/et_pb_image][\/et_pb_column][\/et_pb_row][et_pb_row column_structure=\u00a0\u00bb1_2,1_2&Prime; _builder_version=\u00a0\u00bb4.6.6&Prime; _module_preset=\u00a0\u00bbdefault\u00a0\u00bb min_height=\u00a0\u00bb401px\u00a0\u00bb custom_padding=\u00a0\u00bb54px||2px|||\u00a0\u00bb][et_pb_column type=\u00a0\u00bb1_2&Prime; _builder_version=\u00a0\u00bb4.6.6&Prime; _module_preset=\u00a0\u00bbdefault\u00a0\u00bb][et_pb_image src=\u00a0\u00bbhttps:\/\/editions-de-la-fleur.fr\/wp-content\/uploads\/2020\/11\/PEimg1.png\u00a0\u00bb title_text=\u00a0\u00bbPEimg1&Prime; _builder_version=\u00a0\u00bb4.6.6&Prime; _module_preset=\u00a0\u00bbdefault\u00a0\u00bb width=\u00a0\u00bb48.5%\u00a0\u00bb custom_margin=\u00a0\u00bb|-24px||76px|false|false\u00a0\u00bb custom_padding=\u00a0\u00bb|0px|0px|||\u00a0\u00bb][\/et_pb_image][\/et_pb_column][et_pb_column type=\u00a0\u00bb1_2&Prime; _builder_version=\u00a0\u00bb4.6.6&Prime; _module_preset=\u00a0\u00bbdefault\u00a0\u00bb][et_pb_text _builder_version=\u00a0\u00bb4.6.6&Prime; _module_preset=\u00a0\u00bbdefault\u00a0\u00bb text_font=\u00a0\u00bbAlegreya Sans SC||||||||\u00a0\u00bb text_text_color=\u00a0\u00bb#ffffff\u00a0\u00bb text_font_size=\u00a0\u00bb27px\u00a0\u00bb text_letter_spacing=\u00a0\u00bb1px\u00a0\u00bb text_orientation=\u00a0\u00bbright\u00a0\u00bb width=\u00a0\u00bb81.6%\u00a0\u00bb min_height=\u00a0\u00bb18px\u00a0\u00bb custom_margin=\u00a0\u00bb31px|-101px||-74px||\u00a0\u00bb]LA DERNIERE PAGE[\/et_pb_text][et_pb_text _builder_version=\u00a0\u00bb4.6.6&Prime; _module_preset=\u00a0\u00bbdefault\u00a0\u00bb text_font=\u00a0\u00bbAlegreya Sans SC||||||||\u00a0\u00bb text_text_color=\u00a0\u00bb#ffffff\u00a0\u00bb text_font_size=\u00a0\u00bb27px\u00a0\u00bb text_letter_spacing=\u00a0\u00bb1px\u00a0\u00bb text_orientation=\u00a0\u00bbright\u00a0\u00bb width=\u00a0\u00bb81.6%\u00a0\u00bb custom_margin=\u00a0\u00bb|-184px||-65px||\u00a0\u00bb]Cette page est d\u00e9di\u00e9e \u00e0 la pr\u00e9sentation d&rsquo;extraits sonores de l&rsquo;histoire de Petit Escargot.[\/et_pb_text][\/et_pb_column][\/et_pb_row][et_pb_row column_structure=\u00a0\u00bb1_2,1_2&Prime; _builder_version=\u00a0\u00bb4.6.6&Prime; _module_preset=\u00a0\u00bbdefault\u00a0\u00bb][et_pb_column type=\u00a0\u00bb1_2&Prime; _builder_version=\u00a0\u00bb4.6.6&Prime; _module_preset=\u00a0\u00bbdefault\u00a0\u00bb][et_pb_image src=\u00a0\u00bbhttps:\/\/editions-de-la-fleur.fr\/wp-content\/uploads\/2020\/11\/PEimg2.png\u00a0\u00bb title_text=\u00a0\u00bbPEimg2&Prime; _builder_version=\u00a0\u00bb4.6.6&Prime; _module_preset=\u00a0\u00bbdefault\u00a0\u00bb width=\u00a0\u00bb139.2%\u00a0\u00bb min_height=\u00a0\u00bb832px\u00a0\u00bb custom_margin=\u00a0\u00bb-207px|-133px|-5px|||\u00a0\u00bb custom_padding=\u00a0\u00bb0px|||||\u00a0\u00bb][\/et_pb_image][\/et_pb_column][et_pb_column type=\u00a0\u00bb1_2&Prime; _builder_version=\u00a0\u00bb4.6.6&Prime; _module_preset=\u00a0\u00bbdefault\u00a0\u00bb][et_pb_image src=\u00a0\u00bbhttps:\/\/editions-de-la-fleur.fr\/wp-content\/uploads\/2020\/11\/boutonE1.jpg\u00a0\u00bb title_text=\u00a0\u00bbboutonE1&Prime; align=\u00a0\u00bbcenter\u00a0\u00bb _builder_version=\u00a0\u00bb4.6.6&Prime; _module_preset=\u00a0\u00bbdefault\u00a0\u00bb][\/et_pb_image][et_pb_image src=\u00a0\u00bbhttps:\/\/editions-de-la-fleur.fr\/wp-content\/uploads\/2020\/11\/boutonE2.jpg\u00a0\u00bb title_text=\u00a0\u00bbboutonE2&Prime; align=\u00a0\u00bbcenter\u00a0\u00bb _builder_version=\u00a0\u00bb4.6.6&Prime; _module_preset=\u00a0\u00bbdefault\u00a0\u00bb][\/et_pb_image][et_pb_image src=\u00a0\u00bbhttps:\/\/editions-de-la-fleur.fr\/wp-content\/uploads\/2020\/11\/boutonE3.jpg\u00a0\u00bb title_text=\u00a0\u00bbboutonE3&Prime; align=\u00a0\u00bbcenter\u00a0\u00bb _builder_version=\u00a0\u00bb4.6.6&Prime; _module_preset=\u00a0\u00bbdefault\u00a0\u00bb][\/et_pb_image][et_pb_image src=\u00a0\u00bbhttps:\/\/editions-de-la-fleur.fr\/wp-content\/uploads\/2020\/11\/boutonE4.jpg\u00a0\u00bb title_text=\u00a0\u00bbboutonE4&Prime; align=\u00a0\u00bbcenter\u00a0\u00bb _builder_version=\u00a0\u00bb4.6.6&Prime; _module_preset=\u00a0\u00bbdefault\u00a0\u00bb][\/et_pb_image][et_pb_image src=\u00a0\u00bbhttps:\/\/editions-de-la-fleur.fr\/wp-content\/uploads\/2020\/11\/boutonE5.jpg\u00a0\u00bb title_text=\u00a0\u00bbboutonE5&Prime; align=\u00a0\u00bbcenter\u00a0\u00bb _builder_version=\u00a0\u00bb4.6.6&Prime; _module_preset=\u00a0\u00bbdefault\u00a0\u00bb][\/et_pb_image][et_pb_image src=\u00a0\u00bbhttps:\/\/editions-de-la-fleur.fr\/wp-content\/uploads\/2020\/11\/boutonE6.jpg\u00a0\u00bb title_text=\u00a0\u00bbboutonE6&Prime; align=\u00a0\u00bbcenter\u00a0\u00bb _builder_version=\u00a0\u00bb4.6.6&Prime; _module_preset=\u00a0\u00bbdefault\u00a0\u00bb][\/et_pb_image][et_pb_image src=\u00a0\u00bbhttps:\/\/editions-de-la-fleur.fr\/wp-content\/uploads\/2020\/11\/boutonE7.jpg\u00a0\u00bb title_text=\u00a0\u00bbImpression\u00a0\u00bb align=\u00a0\u00bbcenter\u00a0\u00bb _builder_version=\u00a0\u00bb4.6.6&Prime; _module_preset=\u00a0\u00bbdefault\u00a0\u00bb][\/et_pb_image][\/et_pb_column][\/et_pb_row][et_pb_row _builder_version=\u00a0\u00bb4.6.6&Prime; _module_preset=\u00a0\u00bbdefault\u00a0\u00bb custom_margin=\u00a0\u00bb1px|auto|74px|auto||\u00a0\u00bb custom_padding=\u00a0\u00bb0px|||||\u00a0\u00bb][et_pb_column type=\u00a0\u00bb4_4&Prime; _builder_version=\u00a0\u00bb4.6.6&Prime; _module_preset=\u00a0\u00bbdefault\u00a0\u00bb][et_pb_text _builder_version=\u00a0\u00bb4.6.6&Prime; _module_preset=\u00a0\u00bbdefault\u00a0\u00bb text_font=\u00a0\u00bbAlegreya Sans SC||||||||\u00a0\u00bb text_text_color=\u00a0\u00bb#ffffff\u00a0\u00bb text_font_size=\u00a0\u00bb18px\u00a0\u00bb text_orientation=\u00a0\u00bbcenter\u00a0\u00bb custom_margin=\u00a0\u00bb-95px|||||\u00a0\u00bb]<\/p>\n<p>Texte : .<br \/> Voix :<br \/> Musique :<\/p>\n<p>[\/et_pb_text][\/et_pb_column][\/et_pb_row][\/et_pb_section]<\/p>\n","protected":false},"excerpt":{"rendered":"<p>LA DERNIERE PAGECette page est d\u00e9di\u00e9e \u00e0 la pr\u00e9sentation d&rsquo;extraits sonores de l&rsquo;histoire de Petit Escargot.Texte : . Voix : Musique :<\/p>\n","protected":false},"author":1,"featured_media":0,"parent":0,"menu_order":0,"comment_status":"closed","ping_status":"closed","template":"","meta":{"_et_pb_use_builder":"on","_et_pb_old_content":"<!-- wp:divi\/placeholder \/-->","_et_gb_content_width":"","footnotes":""},"class_list":["post-116","page","type-page","status-publish","hentry"],"yoast_head":"<!-- This site is optimized with the Yoast SEO plugin v24.0 - https:\/\/yoast.com\/wordpress\/plugins\/seo\/ -->\n<title>La derni\u00e8re page - Florence Bonnet<\/title>\n<meta name=\"robots\" content=\"index, follow, max-snippet:-1, max-image-preview:large, max-video-preview:-1\" \/>\n<link rel=\"canonical\" href=\"https:\/\/editions-de-la-fleur.fr\/index.php\/la-derniere-page\/\" \/>\n<meta property=\"og:locale\" content=\"fr_FR\" \/>\n<meta property=\"og:type\" content=\"article\" \/>\n<meta property=\"og:title\" content=\"La derni\u00e8re page - Florence Bonnet\" \/>\n<meta property=\"og:description\" content=\"LA DERNIERE PAGECette page est d\u00e9di\u00e9e \u00e0 la pr\u00e9sentation d&#039;extraits sonores de l&#039;histoire de Petit Escargot.Texte : . Voix : Musique :\" \/>\n<meta property=\"og:url\" content=\"https:\/\/editions-de-la-fleur.fr\/index.php\/la-derniere-page\/\" \/>\n<meta property=\"og:site_name\" content=\"Florence Bonnet\" \/>\n<meta property=\"article:modified_time\" content=\"2020-11-19T15:38:25+00:00\" \/>\n<meta name=\"twitter:card\" content=\"summary_large_image\" \/>\n<meta name=\"twitter:label1\" content=\"Dur\u00e9e de lecture estim\u00e9e\" \/>\n\t<meta name=\"twitter:data1\" content=\"3 minutes\" \/>\n<script type=\"application\/ld+json\" class=\"yoast-schema-graph\">{\"@context\":\"https:\/\/schema.org\",\"@graph\":[{\"@type\":\"WebPage\",\"@id\":\"https:\/\/editions-de-la-fleur.fr\/index.php\/la-derniere-page\/\",\"url\":\"https:\/\/editions-de-la-fleur.fr\/index.php\/la-derniere-page\/\",\"name\":\"La derni\u00e8re page - Florence Bonnet\",\"isPartOf\":{\"@id\":\"https:\/\/editions-de-la-fleur.fr\/#website\"},\"datePublished\":\"2020-08-16T14:30:59+00:00\",\"dateModified\":\"2020-11-19T15:38:25+00:00\",\"breadcrumb\":{\"@id\":\"https:\/\/editions-de-la-fleur.fr\/index.php\/la-derniere-page\/#breadcrumb\"},\"inLanguage\":\"fr-FR\",\"potentialAction\":[{\"@type\":\"ReadAction\",\"target\":[\"https:\/\/editions-de-la-fleur.fr\/index.php\/la-derniere-page\/\"]}]},{\"@type\":\"BreadcrumbList\",\"@id\":\"https:\/\/editions-de-la-fleur.fr\/index.php\/la-derniere-page\/#breadcrumb\",\"itemListElement\":[{\"@type\":\"ListItem\",\"position\":1,\"name\":\"Accueil\",\"item\":\"https:\/\/editions-de-la-fleur.fr\/\"},{\"@type\":\"ListItem\",\"position\":2,\"name\":\"La derni\u00e8re page\"}]},{\"@type\":\"WebSite\",\"@id\":\"https:\/\/editions-de-la-fleur.fr\/#website\",\"url\":\"https:\/\/editions-de-la-fleur.fr\/\",\"name\":\"Florence Bonnet\",\"description\":\"Flo\",\"potentialAction\":[{\"@type\":\"SearchAction\",\"target\":{\"@type\":\"EntryPoint\",\"urlTemplate\":\"https:\/\/editions-de-la-fleur.fr\/?s={search_term_string}\"},\"query-input\":{\"@type\":\"PropertyValueSpecification\",\"valueRequired\":true,\"valueName\":\"search_term_string\"}}],\"inLanguage\":\"fr-FR\"}]}<\/script>\n<!-- \/ Yoast SEO plugin. -->","yoast_head_json":{"title":"La derni\u00e8re page - Florence Bonnet","robots":{"index":"index","follow":"follow","max-snippet":"max-snippet:-1","max-image-preview":"max-image-preview:large","max-video-preview":"max-video-preview:-1"},"canonical":"https:\/\/editions-de-la-fleur.fr\/index.php\/la-derniere-page\/","og_locale":"fr_FR","og_type":"article","og_title":"La derni\u00e8re page - Florence Bonnet","og_description":"LA DERNIERE PAGECette page est d\u00e9di\u00e9e \u00e0 la pr\u00e9sentation d'extraits sonores de l'histoire de Petit Escargot.Texte : . Voix : Musique :","og_url":"https:\/\/editions-de-la-fleur.fr\/index.php\/la-derniere-page\/","og_site_name":"Florence Bonnet","article_modified_time":"2020-11-19T15:38:25+00:00","twitter_card":"summary_large_image","twitter_misc":{"Dur\u00e9e de lecture estim\u00e9e":"3 minutes"},"schema":{"@context":"https:\/\/schema.org","@graph":[{"@type":"WebPage","@id":"https:\/\/editions-de-la-fleur.fr\/index.php\/la-derniere-page\/","url":"https:\/\/editions-de-la-fleur.fr\/index.php\/la-derniere-page\/","name":"La derni\u00e8re page - Florence Bonnet","isPartOf":{"@id":"https:\/\/editions-de-la-fleur.fr\/#website"},"datePublished":"2020-08-16T14:30:59+00:00","dateModified":"2020-11-19T15:38:25+00:00","breadcrumb":{"@id":"https:\/\/editions-de-la-fleur.fr\/index.php\/la-derniere-page\/#breadcrumb"},"inLanguage":"fr-FR","potentialAction":[{"@type":"ReadAction","target":["https:\/\/editions-de-la-fleur.fr\/index.php\/la-derniere-page\/"]}]},{"@type":"BreadcrumbList","@id":"https:\/\/editions-de-la-fleur.fr\/index.php\/la-derniere-page\/#breadcrumb","itemListElement":[{"@type":"ListItem","position":1,"name":"Accueil","item":"https:\/\/editions-de-la-fleur.fr\/"},{"@type":"ListItem","position":2,"name":"La derni\u00e8re page"}]},{"@type":"WebSite","@id":"https:\/\/editions-de-la-fleur.fr\/#website","url":"https:\/\/editions-de-la-fleur.fr\/","name":"Florence Bonnet","description":"Flo","potentialAction":[{"@type":"SearchAction","target":{"@type":"EntryPoint","urlTemplate":"https:\/\/editions-de-la-fleur.fr\/?s={search_term_string}"},"query-input":{"@type":"PropertyValueSpecification","valueRequired":true,"valueName":"search_term_string"}}],"inLanguage":"fr-FR"}]}},"_links":{"self":[{"href":"https:\/\/editions-de-la-fleur.fr\/index.php\/wp-json\/wp\/v2\/pages\/116","targetHints":{"allow":["GET"]}}],"collection":[{"href":"https:\/\/editions-de-la-fleur.fr\/index.php\/wp-json\/wp\/v2\/pages"}],"about":[{"href":"https:\/\/editions-de-la-fleur.fr\/index.php\/wp-json\/wp\/v2\/types\/page"}],"author":[{"embeddable":true,"href":"https:\/\/editions-de-la-fleur.fr\/index.php\/wp-json\/wp\/v2\/users\/1"}],"replies":[{"embeddable":true,"href":"https:\/\/editions-de-la-fleur.fr\/index.php\/wp-json\/wp\/v2\/comments?post=116"}],"version-history":[{"count":16,"href":"https:\/\/editions-de-la-fleur.fr\/index.php\/wp-json\/wp\/v2\/pages\/116\/revisions"}],"predecessor-version":[{"id":1177,"href":"https:\/\/editions-de-la-fleur.fr\/index.php\/wp-json\/wp\/v2\/pages\/116\/revisions\/1177"}],"wp:attachment":[{"href":"https:\/\/editions-de-la-fleur.fr\/index.php\/wp-json\/wp\/v2\/media?parent=116"}],"curies":[{"name":"wp","href":"https:\/\/api.w.org\/{rel}","templated":true}]}}